{"id":2342,"date":"2021-06-09T10:54:41","date_gmt":"2021-06-09T09:54:41","guid":{"rendered":"https:\/\/mybrand.hu\/?page_id=2342"},"modified":"2025-10-09T10:32:13","modified_gmt":"2025-10-09T09:32:13","slug":"landing","status":"publish","type":"page","link":"https:\/\/mybrand.hu\/en\/landing\/","title":{"rendered":"Landing"},"content":{"rendered":"<p>[vc_row unlock_row_content=&#8221;yes&#8221; row_height_percent=&#8221;100&#8243; override_padding=&#8221;yes&#8221; h_padding=&#8221;0&#8243; top_padding=&#8221;0&#8243; bottom_padding=&#8221;0&#8243; back_color=&#8221;color-wayh&#8221; back_image=&#8221;1406&#8243; kburns=&#8221;zoom&#8221; overlay_alpha=&#8221;50&#8243; equal_height=&#8221;yes&#8221; gutter_size=&#8221;0&#8243; column_width_percent=&#8221;100&#8243; shift_y=&#8221;0&#8243; z_index=&#8221;0&#8243; medium_visibility=&#8221;yes&#8221; mobile_visibility=&#8221;yes&#8221; inverted_device_order=&#8221;yes&#8221;][vc_column column_width_percent=&#8221;100&#8243; position_vertical=&#8221;middle&#8221; align_horizontal=&#8221;align_center&#8221; gutter_size=&#8221;2&#8243; override_padding=&#8221;yes&#8221; column_padding=&#8221;3&#8243; style=&#8221;dark&#8221; overlay_alpha=&#8221;50&#8243; shift_x=&#8221;0&#8243; shift_y=&#8221;0&#8243; shift_y_down=&#8221;0&#8243; z_index=&#8221;0&#8243; medium_width=&#8221;0&#8243; mobile_width=&#8221;0&#8243; css_animation=&#8221;right-t-left&#8221; animation_speed=&#8221;500&#8243; animation_delay=&#8221;800&#8243; width=&#8221;5\/12&#8243; el_class=&#8221;landing&#8211;left&#8221;][vc_custom_heading heading_semantic=&#8221;h3&#8243; text_weight=&#8221;900&#8243; text_transform=&#8221;uppercase&#8221; sub_lead=&#8221;yes&#8221; sub_reduced=&#8221;yes&#8221; subheading=&#8221;Get to know us and let&#8217;s find out together what your brand needs!&#8221; el_class=&#8221;title-divider&#8221;]Our services[\/vc_custom_heading][vc_empty_space empty_h=&#8221;1&#8243;][vc_raw_html]JTNDYSUyMGhyZWYlM0QlMjIlMkZlbiUyRnNlcnZpY2VzJTJGJTIyJTNFJTBBJTNDcCUyMGNsYXNzJTNEJTIyYXJyb3ctdGV4dCUyMiUzRVZpZXclM0MlMkZwJTNFJTBBJTNDZGl2JTIwY2xhc3MlM0QlMjJhcnJvdy1sZWZ0JTIyJTNFJTBBJTNDc3BhbiUzRSUzQyUyRnNwYW4lM0UlMEElM0NzcGFuJTNFJTNDJTJGc3BhbiUzRSUwQSUzQ3NwYW4lM0UlM0MlMkZzcGFuJTNFJTBBJTNDJTJGZGl2JTNFJTBBJTNDJTJGYSUzRQ==[\/vc_raw_html][\/vc_column][vc_column column_width_percent=&#8221;100&#8243; position_vertical=&#8221;bottom&#8221; align_horizontal=&#8221;align_center&#8221; gutter_size=&#8221;3&#8243; style=&#8221;dark&#8221; overlay_alpha=&#8221;50&#8243; shift_x=&#8221;0&#8243; shift_y=&#8221;0&#8243; shift_y_down=&#8221;0&#8243; z_index=&#8221;0&#8243; medium_width=&#8221;0&#8243; mobile_width=&#8221;0&#8243; width=&#8221;2\/12&#8243; el_class=&#8221;landing&#8211;center&#8221;][vc_single_image media=&#8221;830&#8243; media_width_percent=&#8221;100&#8243; alignment=&#8221;center&#8221; css_animation=&#8221;zoom-out&#8221; el_class=&#8221;landing&#8211;logo&#8221;][vc_empty_space empty_h=&#8221;4&#8243; mobile_visibility=&#8221;yes&#8221;][vc_custom_heading heading_semantic=&#8221;h5&#8243; text_size=&#8221;h5&#8243; text_color=&#8221;color-xsdn&#8221; css_animation=&#8221;bottom-t-top&#8221;]Contact<br \/>\nhello@mybrand.hu<br \/>\n+36 70 627 2371<br \/>\n1044, Budapest V\u00e1ci \u00fat 83.[\/vc_custom_heading][uncode_socials size=&#8221;lead&#8221; css_animation=&#8221;alpha-anim&#8221; animation_speed=&#8221;600&#8243;][vc_empty_space empty_h=&#8221;4&#8243; mobile_visibility=&#8221;yes&#8221;][\/vc_column][vc_column column_width_percent=&#8221;100&#8243; position_vertical=&#8221;middle&#8221; align_horizontal=&#8221;align_center&#8221; gutter_size=&#8221;2&#8243; override_padding=&#8221;yes&#8221; column_padding=&#8221;3&#8243; style=&#8221;dark&#8221; overlay_alpha=&#8221;49&#8243; shift_x=&#8221;0&#8243; shift_y=&#8221;0&#8243; shift_y_down=&#8221;0&#8243; z_index=&#8221;0&#8243; medium_width=&#8221;0&#8243; mobile_width=&#8221;0&#8243; css_animation=&#8221;left-t-right&#8221; animation_speed=&#8221;500&#8243; animation_delay=&#8221;800&#8243; width=&#8221;5\/12&#8243; el_class=&#8221;landing&#8211;right&#8221;][vc_custom_heading heading_semantic=&#8221;h3&#8243; text_weight=&#8221;900&#8243; text_transform=&#8221;uppercase&#8221; sub_lead=&#8221;yes&#8221; sub_reduced=&#8221;yes&#8221; subheading=&#8221;Discover our webshops and buy from your favorite!&#8221; el_class=&#8221;title-divider&#8221;]Shops[\/vc_custom_heading][vc_empty_space empty_h=&#8221;1&#8243;][vc_raw_html]JTNDYSUyMGhyZWYlM0QlMjIlMkZlbiUyRnNob3BzJTJGJTIyJTNFJTBBJTNDcCUyMGNsYXNzJTNEJTIyYXJyb3ctdGV4dCUyMiUzRUklMjB3aWxsJTIwbG9vayUzQyUyRnAlM0UlMEElM0NkaXYlMjBjbGFzcyUzRCUyMmFycm93LXJpZ2h0JTIyJTNFJTBBJTIwJTIwJTIwJTIwJTIwJTIwJTIwJTIwJTIwJTIwJTIwJTIwJTIwJTIwJTIwJTIwJTNDc3BhbiUzRSUzQyUyRnNwYW4lM0UlMEElMjAlMjAlMjAlMjAlMjAlMjAlMjAlMjAlMjAlMjAlMjAlMjAlMjAlMjAlMjAlMjAlM0NzcGFuJTNFJTNDJTJGc3BhbiUzRSUwQSUyMCUyMCUyMCUyMCUyMCUyMCUyMCUyMCUyMCUyMCUyMCUyMCUyMCUyMCUyMCUyMCUzQ3NwYW4lM0UlM0MlMkZzcGFuJTNFJTBBJTNDJTJGZGl2JTNFJTNDJTJGYSUzRQ==[\/vc_raw_html][\/vc_column][\/vc_row][vc_row unlock_row_content=&#8221;yes&#8221; row_height_percent=&#8221;100&#8243; override_padding=&#8221;yes&#8221; h_padding=&#8221;0&#8243; top_padding=&#8221;0&#8243; bottom_padding=&#8221;0&#8243; back_color=&#8221;color-wayh&#8221; back_image=&#8221;1406&#8243; kburns=&#8221;zoom&#8221; overlay_alpha=&#8221;50&#8243; equal_height=&#8221;yes&#8221; gutter_size=&#8221;0&#8243; column_width_percent=&#8221;100&#8243; shift_y=&#8221;0&#8243; z_index=&#8221;0&#8243; desktop_visibility=&#8221;yes&#8221; inverted_device_order=&#8221;yes&#8221;][vc_column column_width_percent=&#8221;100&#8243; position_vertical=&#8221;middle&#8221; align_horizontal=&#8221;align_center&#8221; gutter_size=&#8221;2&#8243; override_padding=&#8221;yes&#8221; column_padding=&#8221;3&#8243; style=&#8221;dark&#8221; overlay_alpha=&#8221;50&#8243; border_color=&#8221;color-xsdn&#8221; border_style=&#8221;solid&#8221; shift_x=&#8221;0&#8243; shift_y=&#8221;0&#8243; shift_y_down=&#8221;0&#8243; z_index=&#8221;0&#8243; medium_width=&#8221;0&#8243; mobile_width=&#8221;0&#8243; css_animation=&#8221;right-t-left&#8221; animation_speed=&#8221;500&#8243; animation_delay=&#8221;800&#8243; width=&#8221;5\/12&#8243; el_class=&#8221;landing&#8211;left&#8221; css=&#8221;.vc_custom_1625640262081{border-bottom-width: 2px !important;}&#8221;][vc_custom_heading heading_semantic=&#8221;h3&#8243; text_weight=&#8221;900&#8243; text_transform=&#8221;uppercase&#8221; sub_lead=&#8221;yes&#8221; sub_reduced=&#8221;yes&#8221; subheading=&#8221;Get to know us and let&#8217;s find out together what your brand needs!&#8221; el_class=&#8221;title-divider&#8221;]Our services[\/vc_custom_heading][vc_empty_space empty_h=&#8221;1&#8243;][vc_raw_html]JTNDYSUyMGhyZWYlM0QlMjIlMkZlbiUyRnNlcnZpY2VzJTJGJTIyJTNFJTBBJTNDcCUyMGNsYXNzJTNEJTIyYXJyb3ctdGV4dCUyMiUzRVZpZXclM0MlMkZwJTNFJTBBJTNDZGl2JTIwY2xhc3MlM0QlMjJhcnJvdy1sZWZ0JTIyJTNFJTBBJTNDc3BhbiUzRSUzQyUyRnNwYW4lM0UlMEElM0NzcGFuJTNFJTNDJTJGc3BhbiUzRSUwQSUzQ3NwYW4lM0UlM0MlMkZzcGFuJTNFJTBBJTNDJTJGZGl2JTNFJTBBJTNDJTJGYSUzRQ==[\/vc_raw_html][\/vc_column][vc_column column_width_percent=&#8221;100&#8243; position_vertical=&#8221;bottom&#8221; align_horizontal=&#8221;align_center&#8221; gutter_size=&#8221;3&#8243; style=&#8221;dark&#8221; overlay_alpha=&#8221;50&#8243; shift_x=&#8221;0&#8243; shift_y=&#8221;0&#8243; shift_y_down=&#8221;0&#8243; z_index=&#8221;0&#8243; medium_width=&#8221;0&#8243; mobile_width=&#8221;0&#8243; width=&#8221;2\/12&#8243; el_class=&#8221;landing&#8211;center&#8221;][vc_single_image media=&#8221;830&#8243; media_width_percent=&#8221;100&#8243; alignment=&#8221;center&#8221; css_animation=&#8221;zoom-out&#8221; el_class=&#8221;landing&#8211;logo&#8221;][vc_empty_space empty_h=&#8221;4&#8243; mobile_visibility=&#8221;yes&#8221;][vc_empty_space empty_h=&#8221;4&#8243; mobile_visibility=&#8221;yes&#8221;][\/vc_column][vc_column column_width_percent=&#8221;100&#8243; position_vertical=&#8221;middle&#8221; align_horizontal=&#8221;align_center&#8221; gutter_size=&#8221;2&#8243; override_padding=&#8221;yes&#8221; column_padding=&#8221;3&#8243; style=&#8221;dark&#8221; overlay_alpha=&#8221;49&#8243; shift_x=&#8221;0&#8243; shift_y=&#8221;0&#8243; shift_y_down=&#8221;0&#8243; z_index=&#8221;0&#8243; medium_width=&#8221;0&#8243; mobile_width=&#8221;0&#8243; css_animation=&#8221;left-t-right&#8221; animation_speed=&#8221;500&#8243; animation_delay=&#8221;800&#8243; width=&#8221;5\/12&#8243; el_class=&#8221;landing&#8211;right&#8221;][vc_custom_heading heading_semantic=&#8221;h3&#8243; text_weight=&#8221;900&#8243; text_transform=&#8221;uppercase&#8221; sub_lead=&#8221;yes&#8221; sub_reduced=&#8221;yes&#8221; subheading=&#8221;Fedezd fel webshopjainkat, \u00e9s v\u00e1s\u00e1rolj kedvencedt\u0151l!&#8221; el_class=&#8221;title-divider&#8221;]Shops[\/vc_custom_heading][vc_empty_space empty_h=&#8221;1&#8243;][vc_raw_html]JTNDYSUyMGhyZWYlM0QlMjIlMkZzaG9wcyUyRiUyMiUzRSUwQSUzQ3AlMjBjbGFzcyUzRCUyMmFycm93LXRleHQlMjIlM0VJJTIwd2lsbCUyMGxvb2slM0MlMkZwJTNFJTBBJTNDZGl2JTIwY2xhc3MlM0QlMjJhcnJvdy1yaWdodCUyMiUzRSUwQSUyMCUyMCUyMCUyMCUyMCUyMCUyMCUyMCUyMCUyMCUyMCUyMCUyMCUyMCUyMCUyMCUzQ3NwYW4lM0UlM0MlMkZzcGFuJTNFJTBBJTIwJTIwJTIwJTIwJTIwJTIwJTIwJTIwJTIwJTIwJTIwJTIwJTIwJTIwJTIwJTIwJTNDc3BhbiUzRSUzQyUyRnNwYW4lM0UlMEElMjAlMjAlMjAlMjAlMjAlMjAlMjAlMjAlMjAlMjAlMjAlMjAlMjAlMjAlMjAlMjAlM0NzcGFuJTNFJTNDJTJGc3BhbiUzRSUwQSUzQyUyRmRpdiUzRSUzQyUyRmElM0U=[\/vc_raw_html][vc_empty_space empty_h=&#8221;3&#8243;][vc_custom_heading heading_semantic=&#8221;h5&#8243; text_size=&#8221;h5&#8243; text_color=&#8221;color-xsdn&#8221; css_animation=&#8221;bottom-t-top&#8221;]Contact<br \/>\nhello@mybrand.hu<br \/>\n+36 70 627 2371<br \/>\n1044, Budapest V\u00e1ci \u00fat 83.[\/vc_custom_heading][uncode_socials size=&#8221;lead&#8221; css_animation=&#8221;alpha-anim&#8221; animation_speed=&#8221;600&#8243;][\/vc_column][\/vc_row]<\/p>\n","protected":false},"excerpt":{"rendered":"<p>[vc_row unlock_row_content=&#8221;yes&#8221; row_height_percent=&#8221;100&#8243; override_padding=&#8221;yes&#8221; h_padding=&#8221;0&#8243; top_padding=&#8221;0&#8243; bottom_padding=&#8221;0&#8243; back_color=&#8221;color-wayh&#8221; back_image=&#8221;1406&#8243; kburns=&#8221;zoom&#8221; overlay_alpha=&#8221;50&#8243; equal_height=&#8221;yes&#8221; gutter_size=&#8221;0&#8243; column_width_percent=&#8221;100&#8243; shift_y=&#8221;0&#8243; z_index=&#8221;0&#8243; medium_visibility=&#8221;yes&#8221; mobile_visibility=&#8221;yes&#8221; inverted_device_order=&#8221;yes&#8221;][vc_column column_width_percent=&#8221;100&#8243; [&hellip;]<\/p>\n","protected":false},"author":2,"featured_media":0,"parent":0,"menu_order":0,"comment_status":"closed","ping_status":"closed","template":"","meta":{"footnotes":""},"class_list":["post-2342","page","type-page","status-publish","hentry"],"yoast_head":"<!-- This site is optimized with the Yoast SEO plugin v26.1.1 - https:\/\/yoast.com\/wordpress\/plugins\/seo\/ -->\n<title>Landing - MyBrand<\/title>\n<meta name=\"robots\" content=\"index, follow, max-snippet:-1, max-image-preview:large, max-video-preview:-1\" \/>\n<link rel=\"canonical\" href=\"https:\/\/mybrand.hu\/en\/landing\/\" \/>\n<meta property=\"og:locale\" content=\"en_US\" \/>\n<meta property=\"og:type\" content=\"article\" \/>\n<meta property=\"og:title\" content=\"Landing - MyBrand\" \/>\n<meta property=\"og:description\" content=\"[vc_row unlock_row_content=&#8221;yes&#8221; row_height_percent=&#8221;100&#8243; override_padding=&#8221;yes&#8221; h_padding=&#8221;0&#8243; top_padding=&#8221;0&#8243; bottom_padding=&#8221;0&#8243; back_color=&#8221;color-wayh&#8221; back_image=&#8221;1406&#8243; kburns=&#8221;zoom&#8221; overlay_alpha=&#8221;50&#8243; equal_height=&#8221;yes&#8221; gutter_size=&#8221;0&#8243; column_width_percent=&#8221;100&#8243; shift_y=&#8221;0&#8243; z_index=&#8221;0&#8243; medium_visibility=&#8221;yes&#8221; mobile_visibility=&#8221;yes&#8221; inverted_device_order=&#8221;yes&#8221;][vc_column column_width_percent=&#8221;100&#8243; [&hellip;]\" \/>\n<meta property=\"og:url\" content=\"https:\/\/mybrand.hu\/en\/landing\/\" \/>\n<meta property=\"og:site_name\" content=\"MyBrand\" \/>\n<meta property=\"article:modified_time\" content=\"2025-10-09T09:32:13+00:00\" \/>\n<meta name=\"twitter:card\" content=\"summary_large_image\" \/>\n<meta name=\"twitter:label1\" content=\"Est. reading time\" \/>\n\t<meta name=\"twitter:data1\" content=\"2 minutes\" \/>\n<script type=\"application\/ld+json\" class=\"yoast-schema-graph\">{\"@context\":\"https:\/\/schema.org\",\"@graph\":[{\"@type\":\"WebPage\",\"@id\":\"https:\/\/mybrand.hu\/en\/landing\/\",\"url\":\"https:\/\/mybrand.hu\/en\/landing\/\",\"name\":\"Landing - MyBrand\",\"isPartOf\":{\"@id\":\"https:\/\/mybrand.hu\/en\/#website\"},\"datePublished\":\"2021-06-09T09:54:41+00:00\",\"dateModified\":\"2025-10-09T09:32:13+00:00\",\"breadcrumb\":{\"@id\":\"https:\/\/mybrand.hu\/en\/landing\/#breadcrumb\"},\"inLanguage\":\"en-US\",\"potentialAction\":[{\"@type\":\"ReadAction\",\"target\":[\"https:\/\/mybrand.hu\/en\/landing\/\"]}]},{\"@type\":\"BreadcrumbList\",\"@id\":\"https:\/\/mybrand.hu\/en\/landing\/#breadcrumb\",\"itemListElement\":[{\"@type\":\"ListItem\",\"position\":1,\"name\":\"Home\",\"item\":\"https:\/\/mybrand.hu\/en\/\"},{\"@type\":\"ListItem\",\"position\":2,\"name\":\"Landing\"}]},{\"@type\":\"WebSite\",\"@id\":\"https:\/\/mybrand.hu\/en\/#website\",\"url\":\"https:\/\/mybrand.hu\/en\/\",\"name\":\"MyBrand\",\"description\":\"Full service merchandise szolg\u00e1ltat\u00e1s\",\"publisher\":{\"@id\":\"https:\/\/mybrand.hu\/en\/#organization\"},\"potentialAction\":[{\"@type\":\"SearchAction\",\"target\":{\"@type\":\"EntryPoint\",\"urlTemplate\":\"https:\/\/mybrand.hu\/en\/?s={search_term_string}\"},\"query-input\":{\"@type\":\"PropertyValueSpecification\",\"valueRequired\":true,\"valueName\":\"search_term_string\"}}],\"inLanguage\":\"en-US\"},{\"@type\":\"Organization\",\"@id\":\"https:\/\/mybrand.hu\/en\/#organization\",\"name\":\"MyBrand\",\"url\":\"https:\/\/mybrand.hu\/en\/\",\"logo\":{\"@type\":\"ImageObject\",\"inLanguage\":\"en-US\",\"@id\":\"https:\/\/mybrand.hu\/en\/#\/schema\/logo\/image\/\",\"url\":\"https:\/\/mybrand.hu\/wp-content\/uploads\/2020\/06\/mybrand-logo-colorized.png\",\"contentUrl\":\"https:\/\/mybrand.hu\/wp-content\/uploads\/2020\/06\/mybrand-logo-colorized.png\",\"width\":128,\"height\":96,\"caption\":\"MyBrand\"},\"image\":{\"@id\":\"https:\/\/mybrand.hu\/en\/#\/schema\/logo\/image\/\"}}]}<\/script>\n<!-- \/ Yoast SEO plugin. -->","yoast_head_json":{"title":"Landing - MyBrand","robots":{"index":"index","follow":"follow","max-snippet":"max-snippet:-1","max-image-preview":"max-image-preview:large","max-video-preview":"max-video-preview:-1"},"canonical":"https:\/\/mybrand.hu\/en\/landing\/","og_locale":"en_US","og_type":"article","og_title":"Landing - MyBrand","og_description":"[vc_row unlock_row_content=&#8221;yes&#8221; row_height_percent=&#8221;100&#8243; override_padding=&#8221;yes&#8221; h_padding=&#8221;0&#8243; top_padding=&#8221;0&#8243; bottom_padding=&#8221;0&#8243; back_color=&#8221;color-wayh&#8221; back_image=&#8221;1406&#8243; kburns=&#8221;zoom&#8221; overlay_alpha=&#8221;50&#8243; equal_height=&#8221;yes&#8221; gutter_size=&#8221;0&#8243; column_width_percent=&#8221;100&#8243; shift_y=&#8221;0&#8243; z_index=&#8221;0&#8243; medium_visibility=&#8221;yes&#8221; mobile_visibility=&#8221;yes&#8221; inverted_device_order=&#8221;yes&#8221;][vc_column column_width_percent=&#8221;100&#8243; [&hellip;]","og_url":"https:\/\/mybrand.hu\/en\/landing\/","og_site_name":"MyBrand","article_modified_time":"2025-10-09T09:32:13+00:00","twitter_card":"summary_large_image","twitter_misc":{"Est. reading time":"2 minutes"},"schema":{"@context":"https:\/\/schema.org","@graph":[{"@type":"WebPage","@id":"https:\/\/mybrand.hu\/en\/landing\/","url":"https:\/\/mybrand.hu\/en\/landing\/","name":"Landing - MyBrand","isPartOf":{"@id":"https:\/\/mybrand.hu\/en\/#website"},"datePublished":"2021-06-09T09:54:41+00:00","dateModified":"2025-10-09T09:32:13+00:00","breadcrumb":{"@id":"https:\/\/mybrand.hu\/en\/landing\/#breadcrumb"},"inLanguage":"en-US","potentialAction":[{"@type":"ReadAction","target":["https:\/\/mybrand.hu\/en\/landing\/"]}]},{"@type":"BreadcrumbList","@id":"https:\/\/mybrand.hu\/en\/landing\/#breadcrumb","itemListElement":[{"@type":"ListItem","position":1,"name":"Home","item":"https:\/\/mybrand.hu\/en\/"},{"@type":"ListItem","position":2,"name":"Landing"}]},{"@type":"WebSite","@id":"https:\/\/mybrand.hu\/en\/#website","url":"https:\/\/mybrand.hu\/en\/","name":"MyBrand","description":"Full service merchandise szolg\u00e1ltat\u00e1s","publisher":{"@id":"https:\/\/mybrand.hu\/en\/#organization"},"potentialAction":[{"@type":"SearchAction","target":{"@type":"EntryPoint","urlTemplate":"https:\/\/mybrand.hu\/en\/?s={search_term_string}"},"query-input":{"@type":"PropertyValueSpecification","valueRequired":true,"valueName":"search_term_string"}}],"inLanguage":"en-US"},{"@type":"Organization","@id":"https:\/\/mybrand.hu\/en\/#organization","name":"MyBrand","url":"https:\/\/mybrand.hu\/en\/","logo":{"@type":"ImageObject","inLanguage":"en-US","@id":"https:\/\/mybrand.hu\/en\/#\/schema\/logo\/image\/","url":"https:\/\/mybrand.hu\/wp-content\/uploads\/2020\/06\/mybrand-logo-colorized.png","contentUrl":"https:\/\/mybrand.hu\/wp-content\/uploads\/2020\/06\/mybrand-logo-colorized.png","width":128,"height":96,"caption":"MyBrand"},"image":{"@id":"https:\/\/mybrand.hu\/en\/#\/schema\/logo\/image\/"}}]}},"_links":{"self":[{"href":"https:\/\/mybrand.hu\/en\/wp-json\/wp\/v2\/pages\/2342","targetHints":{"allow":["GET"]}}],"collection":[{"href":"https:\/\/mybrand.hu\/en\/wp-json\/wp\/v2\/pages"}],"about":[{"href":"https:\/\/mybrand.hu\/en\/wp-json\/wp\/v2\/types\/page"}],"author":[{"embeddable":true,"href":"https:\/\/mybrand.hu\/en\/wp-json\/wp\/v2\/users\/2"}],"replies":[{"embeddable":true,"href":"https:\/\/mybrand.hu\/en\/wp-json\/wp\/v2\/comments?post=2342"}],"version-history":[{"count":3,"href":"https:\/\/mybrand.hu\/en\/wp-json\/wp\/v2\/pages\/2342\/revisions"}],"predecessor-version":[{"id":2347,"href":"https:\/\/mybrand.hu\/en\/wp-json\/wp\/v2\/pages\/2342\/revisions\/2347"}],"wp:attachment":[{"href":"https:\/\/mybrand.hu\/en\/wp-json\/wp\/v2\/media?parent=2342"}],"curies":[{"name":"wp","href":"https:\/\/api.w.org\/{rel}","templated":true}]}}